{"id":38,"date":"2014-12-25T01:11:26","date_gmt":"2014-12-25T01:11:26","guid":{"rendered":"http:\/\/www.servis-lyzi-plzen.cz\/?page_id=38"},"modified":"2015-12-20T15:42:30","modified_gmt":"2015-12-20T15:42:30","slug":"38-2","status":"publish","type":"page","link":"http:\/\/www.servis-lyzi-plzen.cz\/?page_id=38","title":{"rendered":"<h1 style=\"text-align: center;\"><span style=\"color: #dc143c;\"><strong>Snowboard<\/strong><\/span><\/h1>"},"content":{"rendered":"<p style=\"text-align: justify;\">Ve\u0161ker\u00e9 servisn\u00ed pr\u00e1ce na <a title=\"Sjezdov\u00e9 ly\u017ee\" href=\"http:\/\/www.servis-lyzi-plzen.cz\/?page_id=31\">ly\u017e\u00edch<\/a>, <a title=\"Snowboard\" href=\"http:\/\/www.servis-lyzi-plzen.cz\/?page_id=38\">snowboardu <\/a>\u010di <a title=\"B\u011b\u017eky\" href=\"http:\/\/www.servis-lyzi-plzen.cz\/?page_id=41\">b\u011b\u017ek\u00e1ch <\/a>prov\u00e1d\u00edme ru\u010dn\u011b, ov\u0161em s vyu\u017eit\u00edm \u0161pi\u010dkov\u00fdch n\u00e1stroj\u016f \u0161v\u00fdcarsk\u00e9, n\u011bmeck\u00e9, americk\u00e9, norsk\u00e9 \u010di francouzsk\u00e9 provenience. Takov\u00e1to p\u00e9\u010de o va\u0161e ly\u017ee \u010di snowboard je nejen mnohem d\u016fkladn\u011bj\u0161\u00ed ve srovn\u00e1n\u00ed se strojovou opravou, ale i \u0161etrn\u011bj\u0161\u00ed k nim (ru\u010dn\u00ed brou\u0161en\u00ed hran a skluznice, \u010di jej\u00ed strukturov\u00e1n\u00ed neub\u00edr\u00e1 zdaleka tolik materi\u00e1lu a zaru\u010d\u00ed v\u00e1m del\u0161\u00ed \u017eivotnost p\u0159i \u010dast\u011bj\u0161\u00edm servisov\u00e1n\u00ed). Voskov\u00e1n\u00ed prov\u00e1d\u00edme v tzv. <a title=\"Voskov\u00e1n\u00ed v hork\u00e9 l\u00e1zni\" href=\"http:\/\/www.servis-lyzi-plzen.cz\/?p=441\">hork\u00e9 l\u00e1zni<\/a>, co\u017e d\u00edky hlub\u0161\u00ed penetraci vosku do skluznice zaru\u010d\u00ed minim\u00e1ln\u011b\u00a0300 km ly\u017eov\u00e1n\u00ed (oproti b\u011b\u017en\u00fdm 60 km na jedno navoskov\u00e1n\u00ed).\u00a0V porovn\u00e1n\u00ed s dostupn\u00fdmi servisy ve m\u011bst\u011b \u010di v zimn\u00edch st\u0159edisc\u00edch nav\u00edc nab\u00edz\u00edme v\u00edce ne\u017e konkurenceschopn\u00e9 <a title=\"Servisn\u00ed pr\u00e1ce a cen\u00edk\" href=\"http:\/\/www.servis-lyzi-plzen.cz\/?page_id=44\">ceny<\/a>, tak\u017ee si budete moci dovolit i pravidelnou \u00fadr\u017ebu va\u0161ich ly\u017e\u00ed \u010di snowboardu, kter\u00e1 je \u017e\u00e1douc\u00ed nejen k prodlou\u017een\u00ed jejich \u017eivotnosti, ale k umocn\u011bn\u00ed va\u0161eho sportovn\u00edho z\u00e1\u017eitku p\u0159i ly\u017eov\u00e1n\u00ed. Nechte si d\u00e1t ly\u017ee \u010di snowboard <a title=\"Servis ly\u017e\u00ed a snowboard\u016f\" href=\"http:\/\/www.servis-lyzi-plzen.cz\/?page_id=52\">do pucu<\/a> a my ru\u010d\u00edme za to, \u017ee poc\u00edt\u00edte rozd\u00edl od prvn\u00ed j\u00eddy.<\/p>\n<p style=\"text-align: center;\"><h2 class=\"tablepress-table-name tablepress-table-name-id-2\"><h2 style=\"text-align: center; color: #dc143c;\"><strong>Servis snowboard\u016f *<br><span style=\"font-size: 18px; color: #333333;\"><\/h2>\n\n<table id=\"tablepress-2\" class=\"tablepress tablepress-id-2\">\n<tbody class=\"row-hover\">\n<tr class=\"row-1 odd\">\n\t<td colspan=\"2\" class=\"column-1\"><h3 style=\"text-align: center;\"><strong><span style=\"color: #dc143c;\">Servis snowboard\u016f z\u00e1kladn\u00ed<\/span><\/strong><\/h3><\/td>\n<\/tr>\n<tr class=\"row-2 even\">\n\t<td class=\"column-1\">Oprava skluznice zalit\u00edm neb za\u017eehlen\u00edm,<br \/>\nbrou\u0161en\u00ed skluznice, strukturov\u00e1n\u00ed kamenem<\/td><td class=\"column-2\">150 K\u010d<\/td>\n<\/tr>\n<tr class=\"row-3 odd\">\n\t<td class=\"column-1\">Brou\u0161en\u00ed hran (z boku, zespodu)<\/td><td class=\"column-2\">150 K\u010d<\/td>\n<\/tr>\n<tr class=\"row-4 even\">\n\t<td class=\"column-1\">Voskov\u00e1n\u00ed skluznice (v\u010detn\u011b \u010di\u0161t\u011bn\u00ed a le\u0161t\u011bn\u00ed skluznice)<\/td><td class=\"column-2\">200 K\u010d<\/td>\n<\/tr>\n<tr class=\"row-5 odd\">\n\t<td colspan=\"2\" class=\"column-1\"><h3 style=\"text-align: center;\"><strong><span style=\"color: #dc143c;\">Servis snowboard\u016f speci\u00e1ln\u00ed<\/span><\/strong><\/h3><\/td>\n<\/tr>\n<tr class=\"row-6 even\">\n\t<td class=\"column-1\">Voskov\u00e1n\u00ed v hork\u00e9 l\u00e1zni (v\u010d. navoskov\u00e1n\u00ed studen\u00fdm a uni voskem)<\/td><td class=\"column-2\">350 K\u010d<\/td>\n<\/tr>\n<tr class=\"row-7 odd\">\n\t<td class=\"column-1\">\u00dahlov\u00e1n\u00ed hran (bo\u010dn\u00ed, spodn\u00ed)<\/td><td class=\"column-2\">200 K\u010d<\/td>\n<\/tr>\n<tr class=\"row-8 even\">\n\t<td class=\"column-1\">Strukturov\u00e1n\u00ed skluznice (line\u00e1rn\u00ed\/k\u0159\u00ed\u017eov\u00e1\/diagon\u00e1ln\u00ed struktura)<\/td><td class=\"column-2\">200 K\u010d<\/td>\n<\/tr>\n<tr class=\"row-9 odd\">\n\t<td class=\"column-1\">Oprava skluznice lepen\u00edm (v\u011bt\u0161\u00ed po\u0161kozen\u00ed)<\/td><td class=\"column-2\">300 K\u010d<\/td>\n<\/tr>\n<tr class=\"row-10 even\">\n\t<td class=\"column-1\">Oprava hrany<\/td><td class=\"column-2\">400 K\u010d<\/td>\n<\/tr>\n<tr class=\"row-11 odd\">\n\t<td colspan=\"2\" class=\"column-1\"><h3 style=\"text-align: center;\"><strong><span style=\"color: #dc143c;\">Ostatn\u00ed pr\u00e1ce<\/span><\/strong><\/h3><\/td>\n<\/tr>\n<tr class=\"row-12 even\">\n\t<td class=\"column-1\">Oprava v\u00e1z\u00e1n\u00ed<\/td><td class=\"column-2\">300 K\u010d<\/td>\n<\/tr>\n<tr class=\"row-13 odd\">\n\t<td class=\"column-1\">Mont\u00e1\u017e v\u00e1z\u00e1n\u00ed (v\u010detn\u011b nastaven\u00ed)<\/td><td class=\"column-2\">400 K\u010d<\/td>\n<\/tr>\n<tr class=\"row-14 even\">\n\t<td colspan=\"2\" class=\"column-1\"><em>* Ceny oprav se m\u016f\u017eou li\u0161it dle rozsahu po\u0161kozen\u00ed<br \/>\n<\/em><\/td>\n<\/tr>\n<\/tbody>\n<\/table>\n<span class=\"tablepress-table-description tablepress-table-description-id-2\"><strong><em>\u00a0Ve\u0161ker\u00fd servis prov\u00e1d\u011bn\u00fd obvykle do 3 dn\u016f. P\u0159\u00edplatek za expresn\u00ed servis 50 %.<\/em><\/strong><\/span>\n<!-- #tablepress-2 from cache --><\/p>\n","protected":false},"excerpt":{"rendered":"<p class=\"excerpt\">Ve\u0161ker\u00e9 servisn\u00ed pr\u00e1ce na ly\u017e\u00edch, snowboardu \u010di b\u011b\u017ek\u00e1ch prov\u00e1d\u00edme ru\u010dn\u011b, ov\u0161em s vyu\u017eit\u00edm \u0161pi\u010dkov\u00fdch n\u00e1stroj\u016f \u0161v\u00fdcarsk\u00e9, n\u011bmeck\u00e9, americk\u00e9, norsk\u00e9 \u010di francouzsk\u00e9 provenience. Takov\u00e1to p\u00e9\u010de o va\u0161e ly\u017ee \u010di snowboard je nejen mnohem d\u016fkladn\u011bj\u0161\u00ed ve srovn\u00e1n\u00ed se strojovou opravou, ale i \u0161etrn\u011bj\u0161\u00ed k nim (ru\u010dn\u00ed brou\u0161en\u00ed hran a skluznice, \u010di jej\u00ed strukturov\u00e1n\u00ed neub\u00edr\u00e1 zdaleka tolik materi\u00e1lu a zaru\u010d\u00ed v\u00e1m del\u0161\u00ed \u017eivotnost&hellip; <a href=\"http:\/\/www.servis-lyzi-plzen.cz\/?page_id=38\">Read more &rarr;<\/a><\/p>\n","protected":false},"author":1,"featured_media":0,"parent":0,"menu_order":3,"comment_status":"closed","ping_status":"closed","template":"","meta":{"footnotes":""},"_links":{"self":[{"href":"http:\/\/www.servis-lyzi-plzen.cz\/index.php?rest_route=\/wp\/v2\/pages\/38"}],"collection":[{"href":"http:\/\/www.servis-lyzi-plzen.cz\/index.php?rest_route=\/wp\/v2\/pages"}],"about":[{"href":"http:\/\/www.servis-lyzi-plzen.cz\/index.php?rest_route=\/wp\/v2\/types\/page"}],"author":[{"embeddable":true,"href":"http:\/\/www.servis-lyzi-plzen.cz\/index.php?rest_route=\/wp\/v2\/users\/1"}],"replies":[{"embeddable":true,"href":"http:\/\/www.servis-lyzi-plzen.cz\/index.php?rest_route=%2Fwp%2Fv2%2Fcomments&post=38"}],"version-history":[{"count":9,"href":"http:\/\/www.servis-lyzi-plzen.cz\/index.php?rest_route=\/wp\/v2\/pages\/38\/revisions"}],"predecessor-version":[{"id":446,"href":"http:\/\/www.servis-lyzi-plzen.cz\/index.php?rest_route=\/wp\/v2\/pages\/38\/revisions\/446"}],"wp:attachment":[{"href":"http:\/\/www.servis-lyzi-plzen.cz\/index.php?rest_route=%2Fwp%2Fv2%2Fmedia&parent=38"}],"curies":[{"name":"wp","href":"https:\/\/api.w.org\/{rel}","templated":true}]}}